{"id":92,"date":"2021-06-03T04:46:20","date_gmt":"2021-06-03T04:46:20","guid":{"rendered":"https:\/\/demoapus2.com\/houzing\/?page_id=92"},"modified":"2024-06-14T12:40:02","modified_gmt":"2024-06-14T10:40:02","slug":"contact","status":"publish","type":"page","link":"https:\/\/revis.ro\/ro\/contact\/","title":{"rendered":"Contact"},"content":{"rendered":"<div data-elementor-type=\"wp-page\" data-elementor-id=\"92\" class=\"elementor elementor-92\">\n\t\t\t\t\t\t\t\t\t<section class=\"elementor-section elementor-top-section elementor-element elementor-element-0cd370a elementor-section-stretched elementor-section-boxed elementor-section-height-default elementor-section-height-default\" data-id=\"0cd370a\" data-element_type=\"section\" data-settings=\"{&quot;stretch_section&quot;:&quot;section-stretched&quot;}\">\n\t\t\t\t\t\t<div class=\"elementor-container elementor-column-gap-extended\">\n\t\t\t\t\t<div class=\"elementor-column elementor-col-100 elementor-top-column elementor-element elementor-element-7d59634\" data-id=\"7d59634\" data-element_type=\"column\">\n\t\t\t<div class=\"elementor-widget-wrap elementor-element-populated\">\n\t\t\t\t\t\t\t\t<div class=\"elementor-element elementor-element-02bd355 elementor-widget elementor-widget-apus_element_address_box\" data-id=\"02bd355\" data-element_type=\"widget\" data-widget_type=\"apus_element_address_box.default\">\n\t\t\t\t<div class=\"elementor-widget-container\">\n\t\t\t            <div class=\"widget-address-box   style3\">\n                <div class=\"row\">\n                                            <div class=\"item col-xs-12 col-sm-4\">\n                            <div class=\"item-address style3\">\n                                 <div class=\"top-inner\">\n                                    <div class=\"features-box-image icon\"><i class=\"flaticon-place\"><\/i><\/div><\/div><div class=\"features-box-content\"><h3 class=\"title\">Adres\u0103<\/h3><div class=\"description\">Strada P\u0103cii 17, Oradea, Rom\u00e2nia<\/div><\/div>\n                            <\/div>\n                        <\/div>\n                                            <div class=\"item col-xs-12 col-sm-4\">\n                            <div class=\"item-address style3\">\n                                 <div class=\"top-inner\">\n                                    <div class=\"features-box-image icon\"><i class=\"flaticon-phone\"><\/i><\/div><\/div><div class=\"features-box-content\"><h3 class=\"title\">Contact<\/h3><div class=\"description\">Mobil: +40 747 980 103<br>\nMail: contact@revis.ro<\/div><\/div>\n                            <\/div>\n                        <\/div>\n                                            <div class=\"item col-xs-12 col-sm-4\">\n                            <div class=\"item-address style3\">\n                                 <div class=\"top-inner\">\n                                    <div class=\"features-box-image icon\"><i class=\"flaticon-clock\"><\/i><\/div><\/div><div class=\"features-box-content\"><h3 class=\"title\">Orar<\/h3><div class=\"description\">Luni-Vineri: 08:00 - 18:00<br>\nS\u00e2mb\u0103t\u0103: 10:00 - 14:00<\/div><\/div>\n                            <\/div>\n                        <\/div>\n                                    <\/div>\n            <\/div>\n            \t\t<\/div>\n\t\t\t\t<\/div>\n\t\t\t\t\t<\/div>\n\t\t<\/div>\n\t\t\t\t\t\t\t<\/div>\n\t\t<\/section>\n\t\t\t\t\t\t\t<\/div>","protected":false},"excerpt":{"rendered":"<p>Adres\u0103 Strada P\u0103cii 17, Oradea, Rom\u00e2nia Contact Mobil: +40 747 980 103 Mail: contact@revis.ro Orar Luni-Vineri: 08:00 &#8211; 18:00 S\u00e2mb\u0103t\u0103: 10:00 &#8211; 14:00<\/p>","protected":false},"author":1,"featured_media":0,"parent":0,"menu_order":0,"comment_status":"closed","ping_status":"closed","template":"","meta":{"footnotes":""},"class_list":["post-92","page","type-page","status-publish","hentry"],"aioseo_notices":[],"_links":{"self":[{"href":"https:\/\/revis.ro\/ro\/wp-json\/wp\/v2\/pages\/92","targetHints":{"allow":["GET"]}}],"collection":[{"href":"https:\/\/revis.ro\/ro\/wp-json\/wp\/v2\/pages"}],"about":[{"href":"https:\/\/revis.ro\/ro\/wp-json\/wp\/v2\/types\/page"}],"author":[{"embeddable":true,"href":"https:\/\/revis.ro\/ro\/wp-json\/wp\/v2\/users\/1"}],"replies":[{"embeddable":true,"href":"https:\/\/revis.ro\/ro\/wp-json\/wp\/v2\/comments?post=92"}],"version-history":[{"count":33,"href":"https:\/\/revis.ro\/ro\/wp-json\/wp\/v2\/pages\/92\/revisions"}],"predecessor-version":[{"id":5989,"href":"https:\/\/revis.ro\/ro\/wp-json\/wp\/v2\/pages\/92\/revisions\/5989"}],"wp:attachment":[{"href":"https:\/\/revis.ro\/ro\/wp-json\/wp\/v2\/media?parent=92"}],"curies":[{"name":"wp","href":"https:\/\/api.w.org\/{rel}","templated":true}]}}