{"id":89,"date":"2021-06-03T04:45:56","date_gmt":"2021-06-03T04:45:56","guid":{"rendered":"https:\/\/demoapus2.com\/houzing\/?page_id=89"},"modified":"2025-09-09T09:38:29","modified_gmt":"2025-09-09T07:38:29","slug":"despre-noi","status":"publish","type":"page","link":"https:\/\/revis.ro\/ro\/despre-noi\/","title":{"rendered":"Despre noi"},"content":{"rendered":"<div data-elementor-type=\"wp-page\" data-elementor-id=\"89\" class=\"elementor elementor-89\">\n\t\t\t\t\t\t\t\t\t<section class=\"elementor-section elementor-top-section elementor-element elementor-element-c581c2a elementor-section-stretched elementor-section-boxed elementor-section-height-default elementor-section-height-default\" data-id=\"c581c2a\" data-element_type=\"section\" data-settings=\"{&quot;stretch_section&quot;:&quot;section-stretched&quot;}\">\n\t\t\t\t\t\t<div class=\"elementor-container elementor-column-gap-extended\">\n\t\t\t\t\t<div class=\"elementor-column elementor-col-100 elementor-top-column elementor-element elementor-element-1f161a2\" data-id=\"1f161a2\" data-element_type=\"column\">\n\t\t\t<div class=\"elementor-widget-wrap elementor-element-populated\">\n\t\t\t\t\t\t\t\t<div class=\"elementor-element elementor-element-33a7923 elementor-widget elementor-widget-image\" data-id=\"33a7923\" data-element_type=\"widget\" data-widget_type=\"image.default\">\n\t\t\t\t<div class=\"elementor-widget-container\">\n\t\t\t<style>\/*! elementor - v3.12.1 - 02-04-2023 *\/\n.elementor-widget-image{text-align:center}.elementor-widget-image a{display:inline-block}.elementor-widget-image a img[src$=\".svg\"]{width:48px}.elementor-widget-image img{vertical-align:middle;display:inline-block}<\/style>\t\t\t\t\t\t\t\t\t\t\t\t<img loading=\"lazy\" decoding=\"async\" width=\"1920\" height=\"690\" src=\"https:\/\/revis.ro\/wp-content\/uploads\/2025\/09\/poza-brand-2-logo-1920x690.jpg\" class=\"attachment-houzing-slider size-houzing-slider wp-image-6058\" alt=\"\" \/>\t\t\t\t\t\t\t\t\t\t\t\t\t\t\t<\/div>\n\t\t\t\t<\/div>\n\t\t\t\t<div class=\"elementor-element elementor-element-8582f47 elementor-widget elementor-widget-heading\" data-id=\"8582f47\" data-element_type=\"widget\" data-widget_type=\"heading.default\">\n\t\t\t\t<div class=\"elementor-widget-container\">\n\t\t\t<style>\/*! elementor - v3.12.1 - 02-04-2023 *\/\n.elementor-heading-title{padding:0;margin:0;line-height:1}.elementor-widget-heading .elementor-heading-title[class*=elementor-size-]>a{color:inherit;font-size:inherit;line-height:inherit}.elementor-widget-heading .elementor-heading-title.elementor-size-small{font-size:15px}.elementor-widget-heading .elementor-heading-title.elementor-size-medium{font-size:19px}.elementor-widget-heading .elementor-heading-title.elementor-size-large{font-size:29px}.elementor-widget-heading .elementor-heading-title.elementor-size-xl{font-size:39px}.elementor-widget-heading .elementor-heading-title.elementor-size-xxl{font-size:59px}<\/style><h2 class=\"elementor-heading-title elementor-size-default\">Misiunea noastr\u0103 este s\u0103 consolid\u0103m securitatea a tot ceea ce conteaz\u0103<\/h2>\t\t<\/div>\n\t\t\t\t<\/div>\n\t\t\t\t<div class=\"elementor-element elementor-element-58473e3 elementor-widget__width-initial elementor-widget elementor-widget-text-editor\" data-id=\"58473e3\" data-element_type=\"widget\" data-widget_type=\"text-editor.default\">\n\t\t\t\t<div class=\"elementor-widget-container\">\n\t\t\t<style>\/*! elementor - v3.12.1 - 02-04-2023 *\/\n.elementor-widget-text-editor.elementor-drop-cap-view-stacked .elementor-drop-cap{background-color:#69727d;color:#fff}.elementor-widget-text-editor.elementor-drop-cap-view-framed .elementor-drop-cap{color:#69727d;border:3px solid;background-color:transparent}.elementor-widget-text-editor:not(.elementor-drop-cap-view-default) .elementor-drop-cap{margin-top:8px}.elementor-widget-text-editor:not(.elementor-drop-cap-view-default) .elementor-drop-cap-letter{width:1em;height:1em}.elementor-widget-text-editor .elementor-drop-cap{float:left;text-align:center;line-height:1;font-size:50px}.elementor-widget-text-editor .elementor-drop-cap-letter{display:inline-block}<\/style>\t\t\t\t<p>REVIS reprezint\u0103 alegerea securit\u0103\u021bii a tot ceea ce conteaz\u0103. Instal\u0103m sisteme de securitate, supraveghere video, control acces, antiefrac\u021bie, sisteme de detec\u021bie incendiu \u0219i evacuarea fumului \u0219i gazelor fierbin\u021bi.<\/p><p>\u00a0REVIS, sisteme de securitate f\u0103r\u0103 compromis.<\/p><p><span style=\"color: var(--houzing-text-color); font-family: var(--houzing-main-font); font-weight: var(--houzing-main-font-weight);\">Instal\u0103m sisteme de securitate \u0219i obiectivul nostru este s\u0103 construim, o rela\u021bie \u00eenchegat\u0103, bazat\u0103 pe \u00eencredere \u0219i siguran\u021b\u0103 cu fiecare colaborator \u00een parte.<\/span><\/p><p><span style=\"color: var(--houzing-text-color); font-family: var(--houzing-main-font); font-weight: var(--houzing-main-font-weight);\">Ai nevoie de serviciile noastre? Contacteaz\u0103-ne!<\/span><\/p>\t\t\t\t\t\t<\/div>\n\t\t\t\t<\/div>\n\t\t\t\t\t<\/div>\n\t\t<\/div>\n\t\t\t\t\t\t\t<\/div>\n\t\t<\/section>\n\t\t\t\t<section class=\"elementor-section elementor-top-section elementor-element elementor-element-b2d6822 elementor-section-content-middle elementor-section-stretched elementor-section-boxed elementor-section-height-default elementor-section-height-default\" data-id=\"b2d6822\" data-element_type=\"section\" data-settings=\"{&quot;stretch_section&quot;:&quot;section-stretched&quot;}\">\n\t\t\t\t\t\t<div class=\"elementor-container elementor-column-gap-extended\">\n\t\t\t\t\t<div class=\"elementor-column elementor-col-50 elementor-top-column elementor-element elementor-element-0e34484 elementor-hidden-tablet elementor-hidden-phone\" data-id=\"0e34484\" data-element_type=\"column\">\n\t\t\t<div class=\"elementor-widget-wrap\">\n\t\t\t\t\t\t\t\t\t<\/div>\n\t\t<\/div>\n\t\t\t\t<div class=\"elementor-column elementor-col-50 elementor-top-column elementor-element elementor-element-c30faba\" data-id=\"c30faba\" data-element_type=\"column\">\n\t\t\t<div class=\"elementor-widget-wrap elementor-element-populated\">\n\t\t\t\t\t\t\t\t<div class=\"elementor-element elementor-element-872f5c4 elementor-widget elementor-widget-text-editor\" data-id=\"872f5c4\" data-element_type=\"widget\" data-widget_type=\"text-editor.default\">\n\t\t\t\t<div class=\"elementor-widget-container\">\n\t\t\t\t\t\t\t\t\t\t\t\t\t<\/div>\n\t\t\t\t<\/div>\n\t\t\t\t\t<\/div>\n\t\t<\/div>\n\t\t\t\t\t\t\t<\/div>\n\t\t<\/section>\n\t\t\t\t\t\t\t<\/div>","protected":false},"excerpt":{"rendered":"<p>Misiunea noastr\u0103 este s\u0103 consolid\u0103m securitatea a tot ceea ce conteaz\u0103 REVIS reprezint\u0103 alegerea securit\u0103\u021bii a tot ceea ce conteaz\u0103. Instal\u0103m sisteme de securitate, supraveghere video, control acces, antiefrac\u021bie, sisteme de detec\u021bie incendiu \u0219i evacuarea fumului \u0219i gazelor fierbin\u021bi. \u00a0REVIS, sisteme de securitate f\u0103r\u0103 compromis. Instal\u0103m sisteme de securitate \u0219i obiectivul nostru este s\u0103 construim, [&hellip;]<\/p>","protected":false},"author":1,"featured_media":0,"parent":0,"menu_order":0,"comment_status":"closed","ping_status":"closed","template":"","meta":{"footnotes":""},"class_list":["post-89","page","type-page","status-publish","hentry"],"aioseo_notices":[],"_links":{"self":[{"href":"https:\/\/revis.ro\/ro\/wp-json\/wp\/v2\/pages\/89","targetHints":{"allow":["GET"]}}],"collection":[{"href":"https:\/\/revis.ro\/ro\/wp-json\/wp\/v2\/pages"}],"about":[{"href":"https:\/\/revis.ro\/ro\/wp-json\/wp\/v2\/types\/page"}],"author":[{"embeddable":true,"href":"https:\/\/revis.ro\/ro\/wp-json\/wp\/v2\/users\/1"}],"replies":[{"embeddable":true,"href":"https:\/\/revis.ro\/ro\/wp-json\/wp\/v2\/comments?post=89"}],"version-history":[{"count":87,"href":"https:\/\/revis.ro\/ro\/wp-json\/wp\/v2\/pages\/89\/revisions"}],"predecessor-version":[{"id":6061,"href":"https:\/\/revis.ro\/ro\/wp-json\/wp\/v2\/pages\/89\/revisions\/6061"}],"wp:attachment":[{"href":"https:\/\/revis.ro\/ro\/wp-json\/wp\/v2\/media?parent=89"}],"curies":[{"name":"wp","href":"https:\/\/api.w.org\/{rel}","templated":true}]}}