{"id":3984,"date":"2021-09-15T15:09:22","date_gmt":"2021-09-15T15:09:22","guid":{"rendered":"https:\/\/revis.ro\/?page_id=3984"},"modified":"2021-10-08T10:25:56","modified_gmt":"2021-10-08T07:25:56","slug":"cookies","status":"publish","type":"page","link":"https:\/\/revis.ro\/ro\/cookies\/","title":{"rendered":"Cookies"},"content":{"rendered":"<div data-elementor-type=\"wp-page\" data-elementor-id=\"3984\" class=\"elementor elementor-3984\">\n\t\t\t\t\t\t\t\t\t<section class=\"elementor-section elementor-top-section elementor-element elementor-element-61bb8e35 elementor-section-boxed elementor-section-height-default elementor-section-height-default\" data-id=\"61bb8e35\" data-element_type=\"section\">\n\t\t\t\t\t\t<div class=\"elementor-container elementor-column-gap-default\">\n\t\t\t\t\t<div class=\"elementor-column elementor-col-100 elementor-top-column elementor-element elementor-element-538e3765\" data-id=\"538e3765\" data-element_type=\"column\">\n\t\t\t<div class=\"elementor-widget-wrap elementor-element-populated\">\n\t\t\t\t\t\t\t\t<div class=\"elementor-element elementor-element-1f1bfdb2 elementor-widget elementor-widget-text-editor\" data-id=\"1f1bfdb2\" data-element_type=\"widget\" data-widget_type=\"text-editor.default\">\n\t\t\t\t<div class=\"elementor-widget-container\">\n\t\t\t<style>\/*! elementor - v3.12.1 - 02-04-2023 *\/\n.elementor-widget-text-editor.elementor-drop-cap-view-stacked .elementor-drop-cap{background-color:#69727d;color:#fff}.elementor-widget-text-editor.elementor-drop-cap-view-framed .elementor-drop-cap{color:#69727d;border:3px solid;background-color:transparent}.elementor-widget-text-editor:not(.elementor-drop-cap-view-default) .elementor-drop-cap{margin-top:8px}.elementor-widget-text-editor:not(.elementor-drop-cap-view-default) .elementor-drop-cap-letter{width:1em;height:1em}.elementor-widget-text-editor .elementor-drop-cap{float:left;text-align:center;line-height:1;font-size:50px}.elementor-widget-text-editor .elementor-drop-cap-letter{display:inline-block}<\/style>\t\t\t\t<h1><span style=\"font-weight: 400;\">Politica cookie-urilor<\/span><\/h1><h3><span style=\"font-weight: 400;\">Ce sunt cookie-urile?<\/span><\/h3><p><span style=\"font-weight: 400;\">Cookie-ul este un fi\u0219ier de mici dimensiuni, un fragment mic de text creat \u00een browser de site-ul web, care este stocat pe un computer, sau pe orice alt dispozitiv al unui utilizator, de pe care se acceseaz\u0103 internetul. Cu ajutorul acestuia, site-ul web redvs. informa\u021bii despre vizita dvs., de exemplu, limba preferat\u0103 \u015fi alte set\u0103ri. Astfel, urm\u0103toarea dvs. accesare poate fi mai simpl\u0103, iar site-ul v\u0103 poate fi mai util. Cookie-urile au un rol important. F\u0103r\u0103 ele, utilizarea internetului ar fi o experien\u021b\u0103 mult mai frustrant\u0103. Cookie-ul este instalat prin solicitarea emisa de c\u0103tre un web-server unui browser (ex: Internet Explorer, Chrome) si este complet \u201cpasiv\u201d (nu con\u021bine programe software, viru\u0219i sau spyware si nu poate accesa informa\u021biile de pe hard driverul utilizatorului).<\/span><\/p><p><span style=\"font-weight: 400;\">Utiliz\u0103m cookie-uri \u00een numeroase scopuri. De exemplu, le-am putea utiliza pentru a re\u021bine preferin\u021be de c\u0103utare sigur\u0103, pentru ca anun\u021burile ori prezent\u0103rile care v\u0103 sunt afi\u0219ate s\u0103 fie mai relevante, pentru a num\u0103ra utilizatorii care ne acceseaz\u0103 website-ul, pentru a v\u0103 ajuta s\u0103 v\u0103 \u00eenregistra\u021bi pentru serviciile noastre sau pentru a v\u0103 proteja datele.<\/span><\/p><p><span style=\"font-weight: 400;\">Cookie-uri esen\u021biale<\/span><\/p><p><span style=\"font-weight: 400;\">Atragem aten\u021bia \u00een mod special asupra acestui tip cookie-uri, \u00eentruc\u00e2t ele sunt necesare pentru func\u021bionarea website-ului, \u0219i nu pot fi dezactivate. Acestea sunt, de obicei, stabilite numai ca r\u0103spuns la ac\u021biunile efectuate de dvs. care reprezint\u0103 o solicitare de servicii, cum ar fi setarea preferin\u021belor de confiden\u021bialitate, autentificarea sau completarea formularelor. Pute\u021bi seta browser-ul s\u0103 v\u0103 blocheze sau s\u0103 v\u0103 avertizeze despre aceste module cookie, dar anumite p\u0103r\u021bi ale site-ului nu vor func\u021biona. Aceste cookie-uri nu stocheaz\u0103 nici o informa\u021bie de identificare personal\u0103.<\/span><\/p><p><span style=\"font-weight: 400;\">Cookie-uri folosite<\/span><\/p><ul><li style=\"font-weight: 400;\" aria-level=\"1\"><span style=\"font-weight: 400;\">OptanonConsent<\/span><\/li><li style=\"font-weight: 400;\" aria-level=\"1\"><span style=\"font-weight: 400;\">OptanonAlertBoxClosed<\/span><\/li><\/ul><p><span style=\"font-weight: 400;\">Cookie-uri de performan\u021b\u0103<\/span><\/p><p><span style=\"font-weight: 400;\">Aceste cookie-uri ne permit s\u0103 num\u0103r\u0103m vizitele \u0219i sursele de trafic, astfel \u00eenc\u00e2t s\u0103 putem m\u0103sura \u0219i \u00eembun\u0103t\u0103\u021bi performan\u021ba site-ului nostru. Ele ne ajut\u0103 s\u0103 \u0219tim ce pagini sunt cele mai pu\u021bin populare \u0219i s\u0103 vedem cum se deplaseaz\u0103 vizitatorii \u00een jurul site-ului. Toate informa\u021biile pe care le colecteaz\u0103 aceste cookie-uri sunt agregate \u0219i, prin urmare, anonime. Dac\u0103 nu permite\u021bi aceste cookie-uri, nu vom \u0219ti c\u00e2nd a\u021bi vizitat site-ul nostru \u0219i nu vom putea monitoriza performan\u021ba acestuia.<\/span><\/p><p><span style=\"font-weight: 400;\">Cookie-uri folosite<\/span><\/p><ul><li style=\"font-weight: 400;\" aria-level=\"1\"><span style=\"font-weight: 400;\">_ga<\/span><\/li><li style=\"font-weight: 400;\" aria-level=\"1\"><span style=\"font-weight: 400;\">_gid<\/span><\/li><\/ul><p><span style=\"font-weight: 400;\">Cookie-uri publicitate<\/span><\/p><p><span style=\"font-weight: 400;\">Aceste cookie-uri pot fi setate pe site-ul nostru de c\u0103tre partenerii no\u0219tri de publicitate. Acestea pot fi utilizate de aceste companii pentru a construi un profil al intereselor dvs. \u0219i pentru a v\u0103 afi\u0219a anun\u021buri relevante pe alte site-uri. Nu stocheaz\u0103 informa\u021bii personale \u00een mod direct, ci se bazeaz\u0103 pe identificarea unic\u0103 a browserului \u0219i a dispozitivului dvs. de internet. Dac\u0103 nu permite\u021bi aceste cookie-uri, ve\u021bi avea parte de o publicitate mai pu\u021bin personalizat\u0103.<\/span><\/p><table><tbody><tr><td><p><span style=\"font-weight: 400;\">Categorii<\/span><\/p><\/td><td><p><span style=\"font-weight: 400;\"> Cookie-uri (Perioada)<\/span><\/p><\/td><\/tr><tr><td><p><span style=\"font-weight: 400;\"> facebook.com<\/span><\/p><\/td><td><p><span style=\"font-weight: 400;\"> datr (583 days)fr (89 days)lu (583 days)<\/span><\/p><\/td><\/tr><tr><td><p><span style=\"font-weight: 400;\"> google.com<\/span><\/p><\/td><td><p><span style=\"font-weight: 400;\"> APISID (583 days)SSID (583 days)NID (36 days)PREF (583 days)SID (583 days)SAPISID (583 days)HSID (583 days)<\/span><\/p><\/td><\/tr><tr><td><p><span style=\"font-weight: 400;\">doubleclick.net\u00a0<\/span><\/p><\/td><td><p><span style=\"font-weight: 400;\"> id (583 days)<\/span><\/p><\/td><\/tr><\/tbody><\/table><p>\u00a0<\/p><h4><span style=\"font-weight: 400;\">C\u00e2t timp p\u0103str\u0103m datele dumneavoastra cu caracter personal?<\/span><\/h4><p><span style=\"font-weight: 400;\">\u00cen ce prive\u0219te informa\u021biile colectate prin cookie-uri care ar putea ajuta la individualizarea sau identificarea dumneavoastr\u0103, acestea sunt stocate pentru o perioad\u0103 de 30 de zile. Cookie-urile care contribuie la realizarea de date statistice privind utilizarea de c\u0103tre dumneavoastr\u0103 \u0219i de c\u0103tre al\u021bi utilizatori a website-ului sunt anonimizate \u0219i sunt stocate pentru o perioad\u0103 de 60.<\/span><\/p>\t\t\t\t\t\t<\/div>\n\t\t\t\t<\/div>\n\t\t\t\t\t<\/div>\n\t\t<\/div>\n\t\t\t\t\t\t\t<\/div>\n\t\t<\/section>\n\t\t\t\t\t\t\t<\/div>","protected":false},"excerpt":{"rendered":"<p>Politica cookie-urilor Ce sunt cookie-urile? Cookie-ul este un fi\u0219ier de mici dimensiuni, un fragment mic de text creat \u00een browser de site-ul web, care este stocat pe un computer, sau pe orice alt dispozitiv al unui utilizator, de pe care se acceseaz\u0103 internetul. Cu ajutorul acestuia, site-ul web redvs. informa\u021bii despre vizita dvs., de exemplu, [&hellip;]<\/p>","protected":false},"author":1,"featured_media":0,"parent":0,"menu_order":0,"comment_status":"closed","ping_status":"closed","template":"","meta":{"footnotes":""},"class_list":["post-3984","page","type-page","status-publish","hentry"],"aioseo_notices":[],"_links":{"self":[{"href":"https:\/\/revis.ro\/ro\/wp-json\/wp\/v2\/pages\/3984","targetHints":{"allow":["GET"]}}],"collection":[{"href":"https:\/\/revis.ro\/ro\/wp-json\/wp\/v2\/pages"}],"about":[{"href":"https:\/\/revis.ro\/ro\/wp-json\/wp\/v2\/types\/page"}],"author":[{"embeddable":true,"href":"https:\/\/revis.ro\/ro\/wp-json\/wp\/v2\/users\/1"}],"replies":[{"embeddable":true,"href":"https:\/\/revis.ro\/ro\/wp-json\/wp\/v2\/comments?post=3984"}],"version-history":[{"count":14,"href":"https:\/\/revis.ro\/ro\/wp-json\/wp\/v2\/pages\/3984\/revisions"}],"predecessor-version":[{"id":4222,"href":"https:\/\/revis.ro\/ro\/wp-json\/wp\/v2\/pages\/3984\/revisions\/4222"}],"wp:attachment":[{"href":"https:\/\/revis.ro\/ro\/wp-json\/wp\/v2\/media?parent=3984"}],"curies":[{"name":"wp","href":"https:\/\/api.w.org\/{rel}","templated":true}]}}